{"id":337,"date":"2024-02-06T18:55:13","date_gmt":"2024-02-06T18:55:13","guid":{"rendered":"https:\/\/bechaprastudio.com\/?page_id=337"},"modified":"2024-02-06T22:00:43","modified_gmt":"2024-02-06T22:00:43","slug":"imagen-personal-movil","status":"publish","type":"page","link":"https:\/\/bechaprastudio.com\/index.php\/imagen-personal-movil\/","title":{"rendered":"Imagen personal\/M\u00f3vil"},"content":{"rendered":"\t\t<div data-elementor-type=\"wp-page\" data-elementor-id=\"337\" class=\"elementor elementor-337\" data-elementor-post-type=\"page\">\n\t\t\t\t<div class=\"elementor-element elementor-element-efd1436 e-flex e-con-boxed wpr-particle-no wpr-jarallax-no wpr-parallax-no wpr-sticky-section-no wpr-equal-height-no e-con e-parent\" data-id=\"efd1436\" data-element_type=\"container\" data-e-type=\"container\">\n\t\t\t\t\t<div class=\"e-con-inner\">\n\t\t\t\t<div class=\"elementor-element elementor-element-5468ba0 elementor-widget elementor-widget-image\" data-id=\"5468ba0\" data-element_type=\"widget\" data-e-type=\"widget\" data-widget_type=\"image.default\">\n\t\t\t\t<div class=\"elementor-widget-container\">\n\t\t\t\t\t\t\t\t\t\t\t\t\t\t\t<img fetchpriority=\"high\" decoding=\"async\" width=\"1024\" height=\"286\" src=\"https:\/\/bechaprastudio.com\/wp-content\/uploads\/2024\/01\/Logo_Bechapra.png\" class=\"attachment-large size-large wp-image-47\" alt=\"\" \/>\t\t\t\t\t\t\t\t\t\t\t\t\t\t\t<\/div>\n\t\t\t\t<\/div>\n\t\t\t\t\t<\/div>\n\t\t\t\t<\/div>\n\t\t<div class=\"elementor-element elementor-element-c5357ca e-flex e-con-boxed wpr-particle-no wpr-jarallax-no wpr-parallax-no wpr-sticky-section-no wpr-equal-height-no e-con e-parent\" data-id=\"c5357ca\" data-element_type=\"container\" data-e-type=\"container\">\n\t\t\t\t\t<div class=\"e-con-inner\">\n\t\t\t\t<div class=\"elementor-element elementor-element-b73989f elementor-widget elementor-widget-html\" data-id=\"b73989f\" data-element_type=\"widget\" data-e-type=\"widget\" data-widget_type=\"html.default\">\n\t\t\t\t<div class=\"elementor-widget-container\">\n\t\t\t\t\t<!DOCTYPE html>\r\n<html lang=\"en\">\r\n<head>\r\n    <meta charset=\"UTF-8\">\r\n    <meta name=\"viewport\" content=\"width=device-width, initial-scale=1.0\">\r\n    <title>Imagen Personal <\/title>\r\n    <style>\r\n        * ,*:before, *:after{\r\n    padding: 0;\r\n    margin: 0;\r\n    box-sizing: border-box;\r\n}\r\n\r\n:root {\r\n    --color-bg-1: #f0f5f5;\r\n    --color-bg-2:#e7e9ef;\r\n    --color-btn:#07284A;\r\n    --color-header-step: #07284A; \r\n    --color-border-input: #080808;\r\n}\r\n\r\n\/*Contenedor Principal*\/\r\n.root {\r\n    display: flex;\r\n    justify-content: center;\r\n    align-items: center;\r\n    min-height: 90vh;\r\n    font-size: 16px;\r\n    font-family: system-ui, -apple-system, BlinkMacSystemFont, 'Segoe UI', Roboto, Oxygen, Ubuntu, Cantarell, 'Open Sans', 'Helvetica Neue', sans-serif;\r\n    background-image: linear-gradient(var(--color-bg-1),\r\n    var(--color-bg-2));\r\n    overflow: hidden;\r\n}\r\n\r\n\/*Formulario*\/\r\n.form-register {\r\n    padding: 20px 15px;\r\n    width: 100%;\r\n    max-width: 400px;\r\n\r\n}\r\n\r\n\/*barra*\/\r\n.progressbar {\r\n    display: flex;\r\n    list-style: none;\r\n    margin-bottom: 15px;\r\n    counter-reset: step;\r\n    \r\n    \r\n}\r\n\r\n.progressbar_option {\r\n    width: 100%;\r\n    text-align: center;\r\n    font-size: .7rem;\r\n    text-transform: uppercase;\r\n    position: relative;\r\n    font-family: system-ui, -apple-system, BlinkMacSystemFont, 'Segoe UI', Roboto, Oxygen, Ubuntu, Cantarell, 'Open Sans', 'Helvetica Neue', sans-serif;\r\n    \r\n}\r\n\r\n.progressbar_option:before {\r\n    display: flex;\r\n    content: counter(step);\r\n    counter-increment: step;\r\n    width: 20px;\r\n    height: 20px;\r\n    background-color: #f9ffd1 ;\r\n    margin: 0 auto 5px;\r\n    border-radius: 50%;\r\n    justify-content: center;\r\n    align-items: center;\r\n    position: relative;\r\n    z-index: 2 ;\r\n}\r\n\r\n.progressbar_option:after {\r\n    display: block;\r\n    content: '';\r\n    width: 100%;\r\n    height: 2px;\r\n    background-color: white;\r\n    position: absolute;\r\n    top: 10px;\r\n    left: -50%;\r\n    z-index: 1;\r\n}\r\n\r\n.progressbar_option:first-child:after {\r\n    content: none;\r\n    \r\n}\r\n\r\n.progressbar_option.active:before, .progressbar_option.active:after{\r\n    background-color: #07284A;\r\n    \r\n\r\n}\r\n\r\n\/*Titulo del formulario*\/\r\n.form-register_title{\r\n    font-size: 1.4rem;\r\n    text-align: center;\r\n    margin-bottom: 15px;\r\n\r\n}\r\n\r\n\/*body del formulario*\/\r\n.form-register_body {\r\n    display: flex;\r\n    align-items: flex-start;\r\n\r\n}\r\n\r\n.step {\r\n    background-color: white;\r\n    box-shadow: 5px 5px 5px 2px var(--color-shadow);\r\n    border-radius: 10%;\r\n    min-width: 100%;\r\n    opacity: 0;\r\n    transition: all .2s linear;\r\n}\r\n.step.active {\r\n    opacity:2;\r\n\r\n}\r\n.step.to-left{\r\n    margin-left: -100%;\r\n}\r\n.step.inactive {\r\n    animation-name: scale;\r\n    animation-duration: .2s;\r\n    animation-direction: alternative;\r\n    animation-iteration-count: 2;\r\n}\r\n@keyframes scale {\r\n    from {\r\n        transform: scale(1);\r\n    }\r\n    to {\r\n        transform: scale(1.1)\r\n    }\r\n}\r\n\r\n\/*header de step*\/\r\n.step_header {\r\n    padding: 20px 15px;\r\n    background-color: var(--color-header-step);\r\n    border-radius: 3px 3px 0 0;\r\n}\r\n\r\n.step_title {\r\n    font-size: 1.1rem;\r\n    text-align: center;\r\n    font-family: system-ui, -apple-system, BlinkMacSystemFont, 'Segoe UI', Roboto, Oxygen, Ubuntu, Cantarell, 'Open Sans', 'Helvetica Neue', sans-serif;\r\n    \r\n}\r\n\r\n\/*body de step*\/\r\n\r\n.step_body{\r\n    padding: 20px 35px 0;\r\n\r\n}\r\n\r\n.step_input{\r\n    display: block;\r\n    width: 100%;\r\n    padding: 10px;\r\n    margin-bottom: 10px;\r\n    border-radius: 3px;\r\n    border: 1px solid var(--color-border-input);\r\n}\r\n\r\n\r\n.step_footer{\r\n    padding: 20px 15px;\r\n    text-align: center;\r\n}\r\n\r\n.step_button{\r\n    display: inline-block;\r\n    padding: 10px;\r\n    background-color: var(--color-btn);\r\n    border: none;\r\n    color: white;\r\n    border-radius: 15%;\r\n    cursor: pointer;\r\n}\r\n\r\n.img {\r\n    border: 2px;\r\n    border-radius: 24px;\r\n    padding: 10px;\r\n}\r\n    <\/style>\r\n<\/head>\r\n<body>\r\n    \r\n    <div class=\"root\">\r\n            <form method=\"POST\" action=\"https:\/\/bechaprastudio.com\/personalanswers.php\" class=\"form-register\">\r\n                <div class=\"form-register_header\">\r\n                    \r\n                    <h1 class=\"form-register_title\"> REGISTRO DE IMAGEN PERSONAL<\/h1> <br>\r\n                    <ul class=\"progressbar\">\r\n                        <li class=\"progressbar_option active\"><b>Paso 1<\/b><\/li>\r\n                        <li class=\"progressbar_option\"><b>Paso 2<\/b><\/li>\r\n                        <li class=\"progressbar_option\"><b>Paso 3<\/b><\/li>\r\n                        <li class=\"progressbar_option\"><b>Paso 4<\/b><\/li>\r\n                        <li class=\"progressbar_option\"><b>Paso 5<\/b><\/li>\r\n                        <li class=\"progressbar_option\"><b>Paso 6<\/b><\/li>\r\n                    <\/ul>\r\n                    <br> <br>\r\n                <\/div>\r\n                <div class=\"form-register_body\"> \r\n                        <div class=\"step active\" id=\"step-1\">\r\n                            <div class=\"step_header\">\r\n                                <h2 class=\"step_title\"> <b><FONT COLOR=\"white\">INFORMACI\u00d3N DE CONTACTO  <small> (Paso 1)<\/small><\/FONT><\/b><\/small><\/h2>\r\n                            <\/div>\r\n                            <div class=\"step_body\">\r\n                                <h5 class=\"step_sub\" style=\"margin-bottom: 6px;\">Correo Electr\u00f3nico<\/h5>\r\n                                <input type=\"text\" class=\"step_input\" name=\"email\">\r\n                                <h5 class=\"step_sub\" style=\"margin-bottom: 6px;\">Numero<\/h5>\r\n                                <input type=\"number\" class=\"step_input\" name=\"Telefono\">\r\n                                <h5 class=\"step_sub\" style=\"margin-bottom: 6px;\">Nombre de la empresa<\/h5>\r\n                                <input type=\"name\" class=\"step_input\" name=\"name\">\r\n                                <h5 class=\"step_sub\" style=\"margin-bottom: 6px;\">P\u00e1gina web<\/h5>\r\n                                <input type=\"text\" placeholder=\"Si aplica\" class=\"step_input \"name=\"pagina\">\r\n                                <h5 class=\"step_sub\" style=\"margin-bottom: 6px;\">Redes Sociales<\/h5>\r\n                                <input type=\"text\" class=\"step_input\" name=\"redes\">\r\n                            <\/div>\r\n                            <div class=\"step_footer\">\r\n                                <button type=\"button\" class=\"step_button step_button--next\" data-to_step=\"2\" data-step=\"1\">Siguiente <\/button>\r\n                            <\/div>\r\n                        <\/div>\r\n                        <div class=\"step\" id=\"step-2\">\r\n                            <div class=\"step_header\">\r\n                                <h2 class=\"step_title\"> <b> <FONT COLOR=\"white\">DETALLES <small> (Paso 2)<\/small><\/FONT><\/b><\/h2>\r\n                            <\/div>\r\n                            <div class=\"step_body\"> \r\n                                <h5 class=\"step_sub\" style=\"margin-bottom: 6px;\">Descripcion de la empresa<\/h5>\r\n                                <input type=\"text\" class=\"step_input\" name=\"empresa\">\r\n                                <h5 class=\"step_sub\" style=\"margin-bottom: 6px;\">Historia o trayectoria<\/h5>\r\n                                <input type=\"text\" placeholder=\"Si aplica\" class=\"step_input\" name=\"historia\">\r\n                                <h5 class=\"step_sub\" style=\"margin-bottom: 6px;\">Valores Clave<\/h5>\r\n                                <input type=\"valores\" placeholder=\"Si aplica\" class=\"step_input\" name=\"valores\">\r\n                            <\/div>\r\n                            <div class=\"step_footer\">\r\n                                <button type=\"button\" class=\"step_button step_button--back\" data-to_step=\"1\" data-step=\"2\">Regresar<\/button>\r\n                                <button type=\"button\" class=\"step_button step_button--next\" data-to_step=\"3\" data-step=\"2\">Siguiente<\/button>\r\n                            <\/div>\r\n                        <\/div>\r\n                        <div class=\"step\" id=\"step-3\">\r\n                            <div class=\"step_header\">\r\n                                <h2 class=\"step_title\"> <b> <font color=\"white\">SERVICIOS DE IMAGEN PERSONAL <small> <br> (Paso 3)<\/small><\/font><\/b><\/small><\/h2>\r\n                            <\/div>\r\n                            <div class=\"step_body\">\r\n                                \r\n                                <select class=\"step_input\" id=\"step-3\">\r\n                                    <option name=\"a\">Mejora de Imagen en Medios Digitales<\/option>\r\n                                      <option name=\"b\">An\u00e1lisis de contenido para Servicios y Productos<\/option>\r\n                                      <option name=\"c\">Propuestas de Contenidos para el crecimientto de Ventas<\/option>\r\n                                      <option name=\"d\">Sustentabilidad en Publicidad para Diversas Plataformas<\/option>\r\n                                      <option name=\"e\">Comunicaci\u00f3n Externa y Perfiles<\/option>\r\n                                      <option name=\"f\"> Difunsi\u00f3n en Prensa y Medios Alternos <\/option>\r\n                                    \r\n                                    <\/select>          \r\n                                <\/div>\r\n\r\n                            <div class=\"step_footer\"> \r\n                                <button type=\"button\" class=\"step_button step_button--back\" data-to_step=\"2\" data-step=\"3\">Regresar<\/button>\r\n                                <button type=\"button\" class=\"step_button step_button--next\" data-to_step=\"4\" data-step=\"3\">Siguiente<\/button>\r\n\r\n                            <\/div>\r\n                    \r\n                        <\/div>\r\n                        <div class=\"step\" id=\"step-4\">\r\n                            <div class=\"step_header\">\r\n                                <h2 class=\"step_title\"> <b> <font color=\"white\">OBJETIVOS Y METAS <small> (Paso 4)<\/small><\/font><\/b><\/h2>\r\n                            <\/div>\r\n                            <div class=\"step_body\">\r\n                                <h5 class=\"step_sub\" style=\"margin-bottom: 6px;\">Objetivos a lograr con el servicio<\/h5>\r\n                                <input type=\"text\"  class=\"step_input\" name=\"lograr\"> \r\n                                <h5 class=\"step_sub\" style=\"margin-bottom: 6px;\">Metas de crecimiento en Redes Sociales<\/h5>\r\n                                <input type=\"text\" class=\"step_input\" name=\"metas\">\r\n                            <\/div>\r\n                            <div class=\"step_footer\">\r\n                                <button type=\"button\" class=\"step_button step_button--back \" data-to_step=\"3\" data-step=\"4\">Regresar<\/button>\r\n                                <button type=\"button\" class=\"step_button step_button--next\" data-to_step=\"5\" data-step=\"4\">Siguiente<\/button>\r\n                            <\/div>\r\n                        <\/div>\r\n                    \r\n                    <div class=\"step\" id=\"step-5\">\r\n                        <div class=\"step_header\">\r\n                            <h2 class=\"step_title\"> <b> <font color=\"white\">ESTRATEGIA DE CONTENIDOS <small> (Paso 5)<\/small><\/font><\/b><\/h2>\r\n                        <\/div>\r\n                        <div class=\"step_body\">\r\n                            <h5 class=\"step_sub\" style=\"margin-bottom: 6px;\">T\u00e9maticas de contenido relevantes<\/h5>\r\n                            <input type=\"text\" class=\"step_input\" name=\"tematicas\">\r\n                            <h5 class=\"step_sub\" style=\"margin-bottom: 6px;\">Tonos y estilos preferidos<\/h5>\r\n                            <input type=\"text\"  class=\"step_input\" name=\"estilos\">\r\n                        <\/div>\r\n                        <div class=\"step_footer\">\r\n                            <button type=\"button\" class=\"step_button step_button--back \" data-to_step=\"4\" data-step=\"5\">Regresar<\/button>\r\n                            <button type=\"button\" class=\"step_button step_button--next\" data-to_step=\"6\" data-step=\"5\">Siguiente<\/button>\r\n                        <\/div>\r\n                    <\/div>\r\n                    <div class=\"step\" id=\"step-6\">\r\n                        <div class=\"step_header\">\r\n                            <h2 class=\"step_title\">  <b> <font color=\"white\">INFORMACI\u00d3N ADICIONAL <small>( Paso 6)<\/small><\/font><\/h2>\r\n\r\n                        <\/div>\r\n                        <div class=\"step_body\">\r\n                            <h5 class=\"step_sub\" style=\"margin-bottom: 6px;\">Audiencia Objetivo<\/h5>\r\n                            <input type=\"text\"  class=\"step_input\" name=\"Audiencia\">\r\n                            <h5 class=\"step_sub\" style=\"margin-bottom: 6px;\"> Competidores relevantes<\/h5>\r\n                            <input type=\"text\" class=\"step_input\" name=\"Competidores\">\r\n                            <h5 class=\"step_sub\" style=\"margin-bottom: 6px;\">Comentarios o Requerimientosespec\u00edficos<\/h5>\r\n                            <input type=\"text\" class=\"step_input\" name=\"Requerimientos\">\r\n                        <\/div>\r\n                        <div class=\"step_footer\">\r\n                            <button type=\"button\" class=\"step_button step_button--back \" data-to_step=\"5\" data-step=\"6\">Regresar<\/button>\r\n                            <button type=\"submit\" class=\"step_button\">Registrar<\/button>\r\n                        <\/div>\r\n                    <\/div>\r\n                <\/div>\r\n            <\/div>\r\n        <\/form>\r\n    <\/div>\r\n    <script>\r\n        let form = document.querySelector('.form-register');\r\nlet progressOptions = document.querySelectorAll('.progressbar_option');\r\n\r\nform.addEventListener('click', function(e) {\r\n    let element = e.target;\r\n    let isButtonNext = element.classList.contains('step_button--next');\r\n    let isButtonBack = element.classList.contains('step_button--back');\r\n    if (isButtonNext || isButtonBack) {\r\n        let currentStep = document.getElementById('step-' + element.dataset.step);\r\n        let jumpStep = document.getElementById('step-' + element.dataset.to_step);\r\n        currentStep.addEventListener('animationend', function callback() {\r\n            currentStep.classList.remove('active');\r\n            jumpStep.classList.add('active');\r\n            if (isButtonNext) {\r\n                currentStep.classList.add('to-left');\r\n                progressOptions[element.dataset.to_step - 1].classList.add('active');\r\n            } else {\r\n                jumpStep.classList.remove('to-left');\r\n                progressOptions[element.dataset.step - 1].classList.remove('active');\r\n            }\r\n            currentStep.removeEventListener('animationend', callback);\r\n        });\r\n        currentStep.classList.add('inactive');\r\n        jumpStep.classList.remove('inactive');\r\n    }\r\n});\r\n    <\/script>\r\n<\/body>\r\n<\/html>\t\t\t\t<\/div>\n\t\t\t\t<\/div>\n\t\t\t\t\t<\/div>\n\t\t\t\t<\/div>\n\t\t\t\t<\/div>\n\t\t","protected":false},"excerpt":{"rendered":"<p>Imagen Personal REGISTRO DE IMAGEN PERSONAL Paso 1 Paso 2 Paso 3 Paso 4 Paso 5 Paso 6 INFORMACI\u00d3N DE CONTACTO (Paso 1) Correo Electr\u00f3nico Numero Nombre de la empresa P\u00e1gina web Redes Sociales Siguiente DETALLES (Paso 2) Descripcion de la empresa Historia o trayectoria Valores Clave Regresar Siguiente SERVICIOS DE IMAGEN PERSONAL (Paso 3) Mejora de Imagen en Medios DigitalesAn\u00e1lisis de contenido para Servicios y ProductosPropuestas de Contenidos para el crecimientto de VentasSustentabilidad en Publicidad para Diversas PlataformasComunicaci\u00f3n Externa y Perfiles Difunsi\u00f3n en Prensa y Medios Alternos Regresar Siguiente OBJETIVOS Y METAS (Paso 4) Objetivos a lograr con el servicio Metas de crecimiento en Redes Sociales Regresar Siguiente ESTRATEGIA DE CONTENIDOS (Paso 5) T\u00e9maticas de contenido relevantes Tonos y estilos preferidos Regresar Siguiente INFORMACI\u00d3N ADICIONAL ( Paso 6) Audiencia Objetivo Competidores relevantes Comentarios o Requerimientosespec\u00edficos Regresar Registrar<\/p>\n","protected":false},"author":2,"featured_media":0,"parent":0,"menu_order":0,"comment_status":"closed","ping_status":"closed","template":"","meta":{"footnotes":""},"class_list":["post-337","page","type-page","status-publish","hentry"],"_links":{"self":[{"href":"https:\/\/bechaprastudio.com\/index.php\/wp-json\/wp\/v2\/pages\/337"}],"collection":[{"href":"https:\/\/bechaprastudio.com\/index.php\/wp-json\/wp\/v2\/pages"}],"about":[{"href":"https:\/\/bechaprastudio.com\/index.php\/wp-json\/wp\/v2\/types\/page"}],"author":[{"embeddable":true,"href":"https:\/\/bechaprastudio.com\/index.php\/wp-json\/wp\/v2\/users\/2"}],"replies":[{"embeddable":true,"href":"https:\/\/bechaprastudio.com\/index.php\/wp-json\/wp\/v2\/comments?post=337"}],"version-history":[{"count":30,"href":"https:\/\/bechaprastudio.com\/index.php\/wp-json\/wp\/v2\/pages\/337\/revisions"}],"predecessor-version":[{"id":369,"href":"https:\/\/bechaprastudio.com\/index.php\/wp-json\/wp\/v2\/pages\/337\/revisions\/369"}],"wp:attachment":[{"href":"https:\/\/bechaprastudio.com\/index.php\/wp-json\/wp\/v2\/media?parent=337"}],"curies":[{"name":"wp","href":"https:\/\/api.w.org\/{rel}","templated":true}]}}