{"id":29,"date":"2024-01-30T15:28:23","date_gmt":"2024-01-30T15:28:23","guid":{"rendered":"https:\/\/bechaprastudio.com\/?page_id=29"},"modified":"2024-02-06T22:59:27","modified_gmt":"2024-02-06T22:59:27","slug":"servicio-web","status":"publish","type":"page","link":"https:\/\/bechaprastudio.com\/index.php\/servicio-web\/","title":{"rendered":"Material de Campa\u00f1as"},"content":{"rendered":"\t\t<div data-elementor-type=\"wp-page\" data-elementor-id=\"29\" class=\"elementor elementor-29\" data-elementor-post-type=\"page\">\n\t\t\t\t<div class=\"elementor-element elementor-element-eb65453 e-flex e-con-boxed wpr-particle-no wpr-jarallax-no wpr-parallax-no wpr-sticky-section-no wpr-equal-height-no e-con e-parent\" data-id=\"eb65453\" data-element_type=\"container\" data-e-type=\"container\">\n\t\t\t\t\t<div class=\"e-con-inner\">\n\t\t\t\t<div class=\"elementor-element elementor-element-ed2de67 elementor-widget elementor-widget-image\" data-id=\"ed2de67\" data-element_type=\"widget\" data-e-type=\"widget\" data-widget_type=\"image.default\">\n\t\t\t\t<div class=\"elementor-widget-container\">\n\t\t\t\t\t\t\t\t\t\t\t\t\t\t\t<img fetchpriority=\"high\" decoding=\"async\" width=\"1024\" height=\"286\" src=\"https:\/\/bechaprastudio.com\/wp-content\/uploads\/2024\/01\/Logo_Bechapra.png\" class=\"attachment-large size-large wp-image-47\" alt=\"\" \/>\t\t\t\t\t\t\t\t\t\t\t\t\t\t\t<\/div>\n\t\t\t\t<\/div>\n\t\t\t\t\t<\/div>\n\t\t\t\t<\/div>\n\t\t<div class=\"elementor-element elementor-element-ddfecc1 e-flex e-con-boxed wpr-particle-no wpr-jarallax-no wpr-parallax-no wpr-sticky-section-no wpr-equal-height-no e-con e-parent\" data-id=\"ddfecc1\" data-element_type=\"container\" data-e-type=\"container\">\n\t\t\t\t\t<div class=\"e-con-inner\">\n\t\t\t\t<div class=\"elementor-element elementor-element-24c5a7a elementor-widget elementor-widget-html\" data-id=\"24c5a7a\" data-element_type=\"widget\" data-e-type=\"widget\" data-widget_type=\"html.default\">\n\t\t\t\t<div class=\"elementor-widget-container\">\n\t\t\t\t\t<!DOCTYPE html>\r\n<html lang=\"en\">\r\n<head>\r\n    <meta charset=\"UTF-8\">\r\n    <meta name=\"viewport\" content=\"width=device-width, initial-scale=1.0\">\r\n    <title>Formulario<\/title>\r\n    <link href=\"https:\/\/cdn.jsdelivr.net\/npm\/bootstrap@5.2.3\/dist\/css\/bootstrap.min.css\" rel=\"stylesheet\" integrity=\"sha384-rbsA2VBKQhggwzxH7pPCaAqO46MgnOM80zW1RWuH61DGLwZJEdK2Kadq2F9CUG65\" crossorigin=\"anonymous\">\r\n    <style>\r\n        .fondo{\r\n          background-color: #DAF5FE;\r\n          border-radius: 5%\/15%;\r\n        }\r\n        #info,#details,#serv,#desing,#fin{\r\n          display: none;\r\n        }\r\n    <\/style>\r\n<\/head>\r\n<body>\r\n    <div class=\"container-fluid p-4\">\r\n        <div class=\"card bg-transparent border-0 h-100\">\r\n          <div class=\"card-body undefined\">\r\n            <div class=\"fondo\">\r\n              <div id=\"welcome\">\r\n                <div class=\"d-flex justify-content-center align-items-center flex-column mb-5 mt-5\">\r\n                    <br>\r\n                  <h4>Bienvenido<\/h4>\r\n                <\/div>\r\n                <div class=\"d-flex justify-content-center align-items-center flex-column mb-5 mt-5\">\r\n                  <button class=\"btn btn-success\" onclick=\"uno();\">Comenzar<\/button>\r\n                <\/div>\r\n              <\/div>\r\n              <form method=\"POST\" action=\"https:\/\/bechaprastudio.com\/materialanswers.php\">\r\n                <div id=\"info\">\r\n                  <div class=\"d-flex justify-content-center align-items-center flex-column mb-5 mt-5\">\r\n                      <br>\r\n                    <h4>Informaci\u00f3n de Contacto y Empresa<\/h4>\r\n                  <\/div>\r\n                  <div class=\"d-flex justify-content-center align-items-center flex-column mb-5\">\r\n                    <div class=\"col-10 col-sm-10 col-md-8 col-lg-6 col-xl-5\">\r\n                            <div class=\"row\">\r\n                                <div class=\"col\">\r\n                                    <label class=\"form-label\" for=\"\">Correo Electr\u00f3nico<\/label>\r\n                                    <input type=\"text\" class=\"form-control\" name=\"email\">\r\n                                <\/div>\r\n                            <\/div>\r\n                            <div class=\"row\">\r\n                                <div class=\"col\">\r\n                                    <label class=\"form-label\" for=\"\">N\u00famero de Tel\u00e9fono<\/label>\r\n                                    <input type=\"text\" class=\"form-control\" name=\"telefono\">\r\n                                <\/div>\r\n                            <\/div>\r\n                            <div class=\"row\">\r\n                                <div class=\"col\">\r\n                                    <label class=\"form-label\" for=\"\">Nombre de la Empresa<\/label>\r\n                                    <input type=\"text\" class=\"form-control\" name=\"empresa\">\r\n                                <\/div>\r\n                            <\/div>\r\n                            <div class=\"row\">\r\n                                <div class=\"col\">\r\n                                    <label class=\"form-label\" for=\"\">P\u00e1gina Web<\/label>\r\n                                    <input type=\"text\" class=\"form-control\" name=\"pagina web\">\r\n                                <\/div>\r\n                            <\/div>\r\n                            <div class=\"row\">\r\n                                <div class=\"col\">\r\n                                    <label class=\"form-label\" for=\"\">\u00bfCuenta con un manual de marca?<\/label>\r\n                                    <select name=\"manual\" class=\"form-select\" id=\"\">\r\n                                        <option value=\"null\">Seleccione...<\/option>\r\n                                        <option value=\"Si\">Si<\/option>\r\n                                        <option value=\"No\">No<\/option>\r\n                                    <\/select>\r\n                                <\/div>\r\n                            <\/div>\r\n                            <div class=\"row\">\r\n                                <div class=\"col\">\r\n                                    <label class=\"form-label\" for=\"\">Redes Sociales<\/label>\r\n                                    <input type=\"text\" class=\"form-control\" name=\"redes sociales\">\r\n                                <\/div>\r\n                            <\/div>\r\n                            \r\n                            <br>\r\n                            <div class=\"row\">\r\n                              <div class=\"col\">\r\n                                <button  type=\"button\" class=\"btn btn-warning\" onclick=\"muno();\">Regresar<\/button>\r\n                              <\/div>\r\n                              <div class=\"col\">\r\n                                <button name=\"a\" type=\"button\" class=\"btn btn-success\" onclick=\"dos();\">Siguiente<\/button>\r\n                              <\/div>\r\n                            <\/div>\r\n                        <br> \r\n                    <\/div>\r\n                  <\/div>\r\n                <\/div>\r\n                <div id=\"details\">\r\n                  <div class=\"d-flex justify-content-center align-items-center flex-column mb-5 mt-5\">\r\n                      <br>\r\n                    <h4>Detalles de la Campa\u00f1a<\/h4>\r\n                  <\/div>\r\n                  <div class=\"d-flex justify-content-center align-items-center flex-column mb-5\">\r\n                    <div class=\"col-10 col-sm-10 col-md-8 col-lg-6 col-xl-5\">\r\n                            <div class=\"row\">\r\n                                <div class=\"col\">\r\n                                    <label class=\"form-label\" for=\"\">Objetivos de la Campa\u00f1a<\/label>\r\n                                    <input type=\"text\" class=\"form-control\" name=\"objetivos de campa\u00f1a\">\r\n                                <\/div>\r\n                            <\/div>\r\n                            <div class=\"row\">\r\n                                <div class=\"col\">\r\n                                    <label class=\"form-label\" for=\"\">Publico Objetivo<\/label>\r\n                                    <label class=\"form-label\" for=\"\"><sub>(edad, g\u00e9nero, ubica\u00f3n, etc.)<\/sub><\/label>\r\n                                    <input type=\"text\" class=\"form-control\" name=\"publico objetivo\">\r\n                                <\/div>\r\n                            <\/div>\r\n                            <div class=\"row\">\r\n                                <div class=\"col\">\r\n                                    <label class=\"form-label\" for=\"\">Mensaje Clave<\/label>\r\n                                    <input type=\"text\" class=\"form-control\" name=\"mensaje clave\">\r\n                                <\/div>\r\n                            <\/div>\r\n                            <div class=\"row\">\r\n                              <div class=\"col\">\r\n                                  <label class=\"form-label\" for=\"\">Competencia<\/label>\r\n                                  <input type=\"text\" class=\"form-control\" name=\"competencia\">\r\n                              <\/div>\r\n                          <\/div>\r\n                            <br>\r\n                            <div class=\"row\">\r\n                              <div class=\"col\">\r\n                                    <button  type=\"button\" class=\"btn btn-warning\" onclick=\"mdos();\">Regresar<\/button>\r\n                              <\/div> \r\n                              <div class=\"col\">\r\n                                    <button name=\"b\" type=\"button\" class=\"btn btn-success\" onclick=\"tres();\">Siguiente<\/button>\r\n                              <\/div>\r\n                            <\/div>\r\n                        <br>\r\n                    <\/div>\r\n                  <\/div>\r\n                <\/div>\r\n                <div id=\"serv\">\r\n                  <div class=\"d-flex justify-content-center align-items-center flex-column mb-5 mt-5\">\r\n                      <br>\r\n                    <h4>Servicios Requeridos para la Campa\u00f1a<\/h4>\r\n                  <\/div>\r\n                  <div class=\"d-flex justify-content-center align-items-center flex-column mb-5\">\r\n                    <div class=\"col-10 col-sm-10 col-md-8 col-lg-6 col-xl-5\">\r\n                            <div class=\"row\">\r\n                                <div class=\"col\">\r\n                                    <label class=\"form-label\" for=\"\">Selecciona los servicios que requieres para tu Campa\u00f1a<\/label><br>\r\n                                    <input type=\"checkbox\" name=\"Presentacion PowerPoint\"> Presentacion PowerPoint para Ventas<br>\r\n                                    <input type=\"checkbox\" name=\"Brochure Editable\"> Brochure Editable<br>\r\n                                    <input type=\"checkbox\" name=\"Dise\u00f1o de Redes\"> Dise\u00f1o para Redes Sociales<br>\r\n                                    <input type=\"checkbox\" name=\"Comerciales\"> Comerciales<br>\r\n                                    <input type=\"checkbox\" name=\"Dise\u00f1o de Mailings\"> Dise\u00f1o de Mailings<br>\r\n                                <\/div>\r\n                            <\/div>\r\n                            <br>\r\n                            <div class=\"row\">\r\n                              <div class=\"col\">\r\n                                    <button type=\"button\" class=\"btn btn-warning\" onclick=\"mtres();\">Regresar<\/button>\r\n                              <\/div> \r\n                              <div class=\"col\">\r\n                                    <button name=\"c\" type=\"button\" class=\"btn btn-success\" onclick=\"cuatro();\">Siguiente<\/button>\r\n                              <\/div>\r\n                            <\/div>\r\n                        <br> \r\n                    <\/div>\r\n                  <\/div>\r\n                <\/div>\r\n                <div id=\"desing\">\r\n                  <div class=\"d-flex justify-content-center align-items-center flex-column mb-5 mt-5\">\r\n                      <br>\r\n                    <h4>Preferencias de Dise\u00f1o<\/h4>\r\n                  <\/div>\r\n                  <div class=\"d-flex justify-content-center align-items-center flex-column mb-5\">\r\n                    <div class=\"col-10 col-sm-10 col-md-8 col-lg-6 col-xl-5\">\r\n                            <div class=\"row\">\r\n                                <div class=\"col\">\r\n                                    <label class=\"form-label\" for=\"\">Elementos Espec\u00edficos a Incluir<\/label>\r\n                                    <label class=\"form-label\" for=\"\"><sub>(Imagenes, Videos, Links, etc..)<\/sub><\/label>\r\n                                    <input type=\"text\" class=\"form-control\" name=\"elementos a incluir\">\r\n                                <\/div>\r\n                            <\/div>\r\n                            <br>\r\n                            <div class=\"row\">\r\n                                <div class=\"col\">\r\n                                    <button type=\"button\" class=\"btn btn-warning\" onclick=\"mcuatro();\">Regresar<\/button>\r\n                              <\/div> \r\n                              <div class=\"col\">\r\n                                    <button name=\"d\" type=\"submit\" class=\"btn btn-success\" onclick=\"cinco();\">Finalizar<\/button>\r\n                              <\/div>\r\n                            <\/div>\r\n                        <br> \r\n                    <\/div>\r\n                  <\/div>\r\n                <\/div>\r\n              <\/form>\r\n              <div id=\"fin\">\r\n                <div class=\"d-flex justify-content-center align-items-center flex-column mb-5 mt-5\">\r\n                    <br>\r\n                  <h4>Llenado exitoso<\/h4>\r\n                <\/div>\r\n              <\/div>\r\n              <br>\r\n            <\/div>\r\n          <\/div>\r\n        <\/div>\r\n      <\/div>\r\n    <script src=\"https:\/\/cdn.jsdelivr.net\/npm\/bootstrap@5.2.3\/dist\/js\/bootstrap.bundle.min.js\" integrity=\"sha384-kenU1KFdBIe4zVF0s0G1M5b4hcpxyD9F7jL+jjXkk+Q2h455rYXK\/7HAuoJl+0I4\" crossorigin=\"anonymous\"><\/script>\r\n    <script>\r\n      function uno(){\r\n        document.getElementById('welcome').style.display='none';\r\n        document.getElementById('info').style.display='block';\r\n      }\r\n      function muno(){\r\n        document.getElementById('welcome').style.display='block';\r\n        document.getElementById('info').style.display='none';\r\n      }\r\n      function dos(){\r\n        document.getElementById('info').style.display='none';\r\n        document.getElementById('details').style.display='block';\r\n      }\r\n      function mdos(){\r\n        document.getElementById('info').style.display='block';\r\n        document.getElementById('details').style.display='none';\r\n      }\r\n      function tres(){\r\n        document.getElementById('details').style.display='none';\r\n        document.getElementById('serv').style.display='block';\r\n      }\r\n      function mtres(){\r\n        document.getElementById('details').style.display='block';\r\n        document.getElementById('serv').style.display='none';\r\n      }\r\n      function cuatro(){\r\n        document.getElementById('serv').style.display='none';\r\n        document.getElementById('desing').style.display='block';\r\n      }\r\n      function mcuatro(){\r\n        document.getElementById('serv').style.display='block';\r\n        document.getElementById('desing').style.display='none';\r\n      }\r\n      function cinco(){\r\n        document.getElementById('desing').style.display='none';\r\n        document.getElementById('fin').style.display='block';\r\n      }\r\n    <\/script>\r\n<\/body>\r\n<\/html>\r\n\t\t\t\t<\/div>\n\t\t\t\t<\/div>\n\t\t\t\t\t<\/div>\n\t\t\t\t<\/div>\n\t\t\t\t<\/div>\n\t\t","protected":false},"excerpt":{"rendered":"<p>Formulario Bienvenido Comenzar Informaci\u00f3n de Contacto y Empresa Correo Electr\u00f3nico N\u00famero de Tel\u00e9fono Nombre de la Empresa P\u00e1gina Web \u00bfCuenta con un manual de marca? Seleccione&#8230;SiNo Redes Sociales Regresar Siguiente Detalles de la Campa\u00f1a Objetivos de la Campa\u00f1a Publico Objetivo (edad, g\u00e9nero, ubica\u00f3n, etc.) Mensaje Clave Competencia Regresar Siguiente Servicios Requeridos para la Campa\u00f1a Selecciona los servicios que requieres para tu Campa\u00f1a Presentacion PowerPoint para Ventas Brochure Editable Dise\u00f1o para Redes Sociales Comerciales Dise\u00f1o de Mailings Regresar Siguiente Preferencias de Dise\u00f1o Elementos Espec\u00edficos a Incluir (Imagenes, Videos, Links, etc..) Regresar Finalizar Llenado exitoso<\/p>\n","protected":false},"author":1,"featured_media":0,"parent":0,"menu_order":0,"comment_status":"closed","ping_status":"closed","template":"","meta":{"footnotes":""},"class_list":["post-29","page","type-page","status-publish","hentry"],"_links":{"self":[{"href":"https:\/\/bechaprastudio.com\/index.php\/wp-json\/wp\/v2\/pages\/29"}],"collection":[{"href":"https:\/\/bechaprastudio.com\/index.php\/wp-json\/wp\/v2\/pages"}],"about":[{"href":"https:\/\/bechaprastudio.com\/index.php\/wp-json\/wp\/v2\/types\/page"}],"author":[{"embeddable":true,"href":"https:\/\/bechaprastudio.com\/index.php\/wp-json\/wp\/v2\/users\/1"}],"replies":[{"embeddable":true,"href":"https:\/\/bechaprastudio.com\/index.php\/wp-json\/wp\/v2\/comments?post=29"}],"version-history":[{"count":32,"href":"https:\/\/bechaprastudio.com\/index.php\/wp-json\/wp\/v2\/pages\/29\/revisions"}],"predecessor-version":[{"id":415,"href":"https:\/\/bechaprastudio.com\/index.php\/wp-json\/wp\/v2\/pages\/29\/revisions\/415"}],"wp:attachment":[{"href":"https:\/\/bechaprastudio.com\/index.php\/wp-json\/wp\/v2\/media?parent=29"}],"curies":[{"name":"wp","href":"https:\/\/api.w.org\/{rel}","templated":true}]}}