{"id":103,"date":"2024-01-30T17:39:32","date_gmt":"2024-01-30T17:39:32","guid":{"rendered":"https:\/\/bechaprastudio.com\/?page_id=103"},"modified":"2024-02-06T23:00:40","modified_gmt":"2024-02-06T23:00:40","slug":"servicio-unico","status":"publish","type":"page","link":"https:\/\/bechaprastudio.com\/index.php\/servicio-unico\/","title":{"rendered":"Servicio \u00danico"},"content":{"rendered":"\t\t<div data-elementor-type=\"wp-page\" data-elementor-id=\"103\" class=\"elementor elementor-103\" data-elementor-post-type=\"page\">\n\t\t\t\t<div class=\"elementor-element elementor-element-b8a4ca5 e-con-full e-flex wpr-particle-no wpr-jarallax-no wpr-parallax-no wpr-sticky-section-no wpr-equal-height-no e-con e-parent\" data-id=\"b8a4ca5\" data-element_type=\"container\" data-e-type=\"container\">\n\t\t\t\t<div class=\"elementor-element elementor-element-6c195ff elementor-widget elementor-widget-image\" data-id=\"6c195ff\" data-element_type=\"widget\" data-e-type=\"widget\" data-widget_type=\"image.default\">\n\t\t\t\t<div class=\"elementor-widget-container\">\n\t\t\t\t\t\t\t\t\t\t\t\t\t\t\t<img fetchpriority=\"high\" decoding=\"async\" width=\"1024\" height=\"286\" src=\"https:\/\/bechaprastudio.com\/wp-content\/uploads\/2024\/01\/Logo_Bechapra.png\" class=\"attachment-large size-large wp-image-47\" alt=\"\" \/>\t\t\t\t\t\t\t\t\t\t\t\t\t\t\t<\/div>\n\t\t\t\t<\/div>\n\t\t\t\t<\/div>\n\t\t<div class=\"elementor-element elementor-element-fd11021 e-flex e-con-boxed wpr-particle-no wpr-jarallax-no wpr-parallax-no wpr-sticky-section-no wpr-equal-height-no e-con e-parent\" data-id=\"fd11021\" data-element_type=\"container\" data-e-type=\"container\">\n\t\t\t\t\t<div class=\"e-con-inner\">\n\t\t\t\t<div class=\"elementor-element elementor-element-7f3c7fb elementor-widget elementor-widget-html\" data-id=\"7f3c7fb\" data-element_type=\"widget\" data-e-type=\"widget\" data-widget_type=\"html.default\">\n\t\t\t\t<div class=\"elementor-widget-container\">\n\t\t\t\t\t<!DOCTYPE html>\r\n<html lang=\"en\">\r\n<head>\r\n    <meta charset=\"UTF-8\">\r\n    <meta name=\"viewport\" content=\"width=device-width, initial-scale=1.0\">\r\n    <title>Formulario<\/title>\r\n    <link href=\"https:\/\/cdn.jsdelivr.net\/npm\/bootstrap@5.2.3\/dist\/css\/bootstrap.min.css\" rel=\"stylesheet\" integrity=\"sha384-rbsA2VBKQhggwzxH7pPCaAqO46MgnOM80zW1RWuH61DGLwZJEdK2Kadq2F9CUG65\" crossorigin=\"anonymous\">\r\n    <style>\r\n        .fondo{\r\n          background-color: #dae9fe;\r\n          border-radius: 5%\/15%;\r\n        }\r\n        #info,#serv,#details,#desing,#fin{\r\n          display: none;\r\n        }\r\n    <\/style>\r\n<\/head>\r\n<body>\r\n    <div class=\"container-fluid p-4\">\r\n        <div class=\"card bg-transparent border-0 h-100\">\r\n          <div class=\"card-body undefined\">\r\n            <div class=\"fondo\">\r\n              <div id=\"welcome\">\r\n                <div class=\"d-flex justify-content-center align-items-center flex-column mb-5 mt-5\">\r\n                  <br>\r\n                  <h4>Bienvenido<\/h4>\r\n                <\/div>\r\n                <div class=\"d-flex justify-content-center align-items-center flex-column mb-5 mt-5\">\r\n                  <button class=\"btn btn-success\" onclick=\"uno();\">Comenzar<\/button>\r\n                <\/div>\r\n              <\/div>\r\n              <form method=\"POST\" action=\"https:\/\/bechaprastudio.com\/servicioanswers.php\">\r\n                <div id=\"info\">\r\n                  <div class=\"d-flex justify-content-center align-items-center flex-column mb-5 mt-5\">\r\n                    <br>\r\n                    <h4>Informaci\u00f3n de Contacto y Empresa<\/h4>\r\n                  <\/div>\r\n                  <div class=\"d-flex justify-content-center align-items-center flex-column mb-5\">\r\n                    <div class=\"col-10 col-sm-10 col-md-8 col-lg-6 col-xl-5\">\r\n                            <div class=\"row\">\r\n                                <div class=\"col\">\r\n                                    <label class=\"form-label\" for=\"\">Correo Electr\u00f3nico<\/label>\r\n                                    <input type=\"text\" class=\"form-control\" name=\"email\">\r\n                                <\/div>\r\n                            <\/div>\r\n                            <div class=\"row\">\r\n                                <div class=\"col\">\r\n                                    <label class=\"form-label\" for=\"\">N\u00famero de Tel\u00e9fono<\/label>\r\n                                    <input type=\"text\" class=\"form-control\" name=\"telefono \">\r\n                                <\/div>\r\n                            <\/div>\r\n                            <div class=\"row\">\r\n                                <div class=\"col\">\r\n                                    <label class=\"form-label\" for=\"\">Nombre de la Empresa<\/label>\r\n                                    <input type=\"text\" class=\"form-control\" name=\"empresa\">\r\n                                <\/div>\r\n                            <\/div>\r\n                            <div class=\"row\">\r\n                                <div class=\"col\">\r\n                                    <label class=\"form-label\" for=\"\">P\u00e1gina Web<\/label>\r\n                                    <input type=\"text\" class=\"form-control\" name=\"pagina web\">\r\n                                <\/div>\r\n                            <\/div>\r\n                            <div class=\"row\">\r\n                                <div class=\"col\">\r\n                                    <label class=\"form-label\" for=\"\">\u00bfCuenta con un manual de marca?<\/label>\r\n                                    <select name=\"manual\" class=\"form-select\" id=\"\">\r\n                                        <option value=\"null\">Seleccione...<\/option>\r\n                                        <option value=\"Si\">Si<\/option>\r\n                                        <option value=\"No\">No<\/option>\r\n                                    <\/select>\r\n                                <\/div>\r\n                            <\/div>\r\n                            <div class=\"row\">\r\n                                <div class=\"col\">\r\n                                    <label class=\"form-label\" for=\"\">Redes Sociales<\/label>\r\n                                    <input type=\"text\" class=\"form-control\" name=\"redes sociales\">\r\n                                <\/div>\r\n                            <\/div>\r\n                            \r\n                            <br>\r\n                            <div class=\"row\">\r\n                              <div class=\"col\">\r\n                                <button  type=\"button\" class=\"btn btn-warning\" onclick=\"muno();\">Regresar<\/button>\r\n                              <\/div>\r\n                              <div class=\"col\">\r\n                                <button name=\"a\" type=\"button\" class=\"btn btn-success\" onclick=\"dos();\">Siguiente<\/button>\r\n                              <\/div>\r\n                            <\/div>\r\n                        <br> \r\n                    <\/div>\r\n                  <\/div>\r\n                <\/div>\r\n                <div id=\"serv\">\r\n                  <div class=\"d-flex justify-content-center align-items-center flex-column mb-5 mt-5\">\r\n                    <br>\r\n                    <h4>Secci\u00f3n de Servicios<\/h4>\r\n                  <\/div>\r\n                  <div class=\"d-flex justify-content-center align-items-center flex-column mb-5\">\r\n                    <div class=\"col-10 col-sm-10 col-md-8 col-lg-6 col-xl-5\">\r\n                            <div class=\"row\">\r\n                                <div class=\"col\">\r\n                                    <label class=\"form-label\" for=\"\">Selecciona el servicio \u00fanico que est\u00e1s buscando<\/label>\r\n                                    <select class=\"form-select\" name=\"servicio unico\">\r\n                                        <option value=\"null\">Selecciona...<\/option>\r\n                                        <option value=\"3d\">Dise\u00f1o 3D<\/option>\r\n                                        <option value=\"2d\">Animaci\u00f3n 2D<\/option>\r\n                                        <option value=\"dise\u00f1o\">Dise\u00f1o Digital<\/option>\r\n                                    <\/select>\r\n                                <\/div>\r\n                            <\/div>\r\n                            <br>\r\n                            <div class=\"row\">\r\n                              <div class=\"col\">\r\n                                    <button type=\"button\" class=\"btn btn-warning\" onclick=\"mtres();\">Regresar<\/button>\r\n                              <\/div> \r\n                              <div class=\"col\">\r\n                                    <button name=\"c\" type=\"button\" class=\"btn btn-success\" onclick=\"tres();\">Siguiente<\/button>\r\n                              <\/div>\r\n                            <\/div>\r\n                        <br> \r\n                    <\/div>\r\n                  <\/div>\r\n                <\/div>\r\n                <div id=\"details\">\r\n                  <div class=\"d-flex justify-content-center align-items-center flex-column mb-5 mt-5\">\r\n                    <br>\r\n                    <h4>Detalles del Proyecto<\/h4>\r\n                  <\/div>\r\n                  <div class=\"d-flex justify-content-center align-items-center flex-column mb-5\">\r\n                    <div class=\"col-10 col-sm-10 col-md-8 col-lg-6 col-xl-5\">\r\n                            <div class=\"row\">\r\n                                <div class=\"col\">\r\n                                    <label class=\"form-label\" for=\"\">Descripci\u00f3n del Proyecto<\/label>\r\n                                    <input type=\"text\" class=\"form-control\" name=\"descripcion del proyecto\">\r\n                                <\/div>\r\n                            <\/div>\r\n                            <div class=\"row\">\r\n                                <div class=\"col\">\r\n                                    <label class=\"form-label\" for=\"\">Ideas o Conceptos Clave<\/label>\r\n                                    <input type=\"text\" class=\"form-control\" name=\"ideas o conceptos\">\r\n                                <\/div>\r\n                            <\/div>\r\n                            <br>\r\n                            <div class=\"row\">\r\n                              <div class=\"col\">\r\n                                    <button  type=\"button\" class=\"btn btn-warning\" onclick=\"mdos();\">Regresar<\/button>\r\n                              <\/div> \r\n                              <div class=\"col\">\r\n                                    <button name=\"b\" type=\"button\" class=\"btn btn-success\" onclick=\"cuatro();\">Siguiente<\/button>\r\n                              <\/div>\r\n                            <\/div> \r\n                        <br>\r\n                    <\/div>\r\n                  <\/div>\r\n                <\/div>\r\n                <div id=\"desing\">\r\n                  <div class=\"d-flex justify-content-center align-items-center flex-column mb-5 mt-5\">\r\n                    <br>\r\n                    <h4>Preferencias de Dise\u00f1o<\/h4>\r\n                  <\/div>\r\n                  <div class=\"d-flex justify-content-center align-items-center flex-column mb-5\">\r\n                    <div class=\"col-10 col-sm-10 col-md-8 col-lg-6 col-xl-5\">\r\n                            <div class=\"row\">\r\n                                <div class=\"col\">\r\n                                    <label class=\"form-label\" for=\"\">Elementos Espec\u00edficos a Incluir<\/label>\r\n                                    <label class=\"form-label\" for=\"\"><sub>(Imagenes, Videos, Links, etc..)<\/sub><\/label>\r\n                                    <input type=\"text\" class=\"form-control\" name=\"elementos especificos\">\r\n                                <\/div>\r\n                            <\/div>\r\n                            <br>\r\n                            <div class=\"row\">\r\n                                <div class=\"col\">\r\n                                    <button type=\"button\" class=\"btn btn-warning\" onclick=\"mcuatro();\">Regresar<\/button>\r\n                              <\/div> \r\n                              <div class=\"col\">\r\n                                    <button name=\"d\" type=\"submit\" class=\"btn btn-success\" onclick=\"cinco();\">Finalizar<\/button>\r\n                              <\/div>\r\n                            <\/div>\r\n                        <br> \r\n                    <\/div>\r\n                  <\/div>\r\n                <\/div>\r\n              <\/form>\r\n              <div id=\"fin\">\r\n                <div class=\"d-flex justify-content-center align-items-center flex-column mb-5 mt-5\">\r\n                  <br>\r\n                  <h4>Llenado exitoso<\/h4>\r\n                <\/div>\r\n              <\/div>\r\n              <br>\r\n            <\/div>\r\n          <\/div>\r\n        <\/div>\r\n      <\/div>\r\n    <script src=\"https:\/\/cdn.jsdelivr.net\/npm\/bootstrap@5.2.3\/dist\/js\/bootstrap.bundle.min.js\" integrity=\"sha384-kenU1KFdBIe4zVF0s0G1M5b4hcpxyD9F7jL+jjXkk+Q2h455rYXK\/7HAuoJl+0I4\" crossorigin=\"anonymous\"><\/script>\r\n    <script>\r\n      function uno(){\r\n        document.getElementById('welcome').style.display='none';\r\n        document.getElementById('info').style.display='block';\r\n      }\r\n      function muno(){\r\n        document.getElementById('welcome').style.display='block';\r\n        document.getElementById('info').style.display='none';\r\n      }\r\n      function dos(){\r\n        document.getElementById('info').style.display='none';\r\n        document.getElementById('serv').style.display='block';\r\n      }\r\n      function mdos(){\r\n        document.getElementById('info').style.display='block';\r\n        document.getElementById('serv').style.display='none';\r\n      }\r\n      function tres(){\r\n        document.getElementById('serv').style.display='none';\r\n        document.getElementById('details').style.display='block';\r\n      }\r\n      function mtres(){\r\n        document.getElementById('serv').style.display='block';\r\n        document.getElementById('details').style.display='none';\r\n      }\r\n      function cuatro(){\r\n        document.getElementById('details').style.display='none';\r\n        document.getElementById('desing').style.display='block';\r\n      }\r\n      function mcuatro(){\r\n        document.getElementById('details').style.display='block';\r\n        document.getElementById('desing').style.display='none';\r\n      }\r\n      function cinco(){\r\n        document.getElementById('desing').style.display='none';\r\n        document.getElementById('fin').style.display='block';\r\n      }\r\n    <\/script>\r\n<\/body>\r\n<\/html>\r\n\t\t\t\t<\/div>\n\t\t\t\t<\/div>\n\t\t\t\t\t<\/div>\n\t\t\t\t<\/div>\n\t\t\t\t<\/div>\n\t\t","protected":false},"excerpt":{"rendered":"<p>Formulario Bienvenido Comenzar Informaci\u00f3n de Contacto y Empresa Correo Electr\u00f3nico N\u00famero de Tel\u00e9fono Nombre de la Empresa P\u00e1gina Web \u00bfCuenta con un manual de marca? Seleccione&#8230;SiNo Redes Sociales Regresar Siguiente Secci\u00f3n de Servicios Selecciona el servicio \u00fanico que est\u00e1s buscando Selecciona&#8230;Dise\u00f1o 3DAnimaci\u00f3n 2DDise\u00f1o Digital Regresar Siguiente Detalles del Proyecto Descripci\u00f3n del Proyecto Ideas o Conceptos Clave Regresar Siguiente Preferencias de Dise\u00f1o Elementos Espec\u00edficos a Incluir (Imagenes, Videos, Links, etc..) Regresar Finalizar Llenado exitoso<\/p>\n","protected":false},"author":2,"featured_media":0,"parent":0,"menu_order":0,"comment_status":"closed","ping_status":"closed","template":"","meta":{"footnotes":""},"class_list":["post-103","page","type-page","status-publish","hentry"],"_links":{"self":[{"href":"https:\/\/bechaprastudio.com\/index.php\/wp-json\/wp\/v2\/pages\/103"}],"collection":[{"href":"https:\/\/bechaprastudio.com\/index.php\/wp-json\/wp\/v2\/pages"}],"about":[{"href":"https:\/\/bechaprastudio.com\/index.php\/wp-json\/wp\/v2\/types\/page"}],"author":[{"embeddable":true,"href":"https:\/\/bechaprastudio.com\/index.php\/wp-json\/wp\/v2\/users\/2"}],"replies":[{"embeddable":true,"href":"https:\/\/bechaprastudio.com\/index.php\/wp-json\/wp\/v2\/comments?post=103"}],"version-history":[{"count":22,"href":"https:\/\/bechaprastudio.com\/index.php\/wp-json\/wp\/v2\/pages\/103\/revisions"}],"predecessor-version":[{"id":418,"href":"https:\/\/bechaprastudio.com\/index.php\/wp-json\/wp\/v2\/pages\/103\/revisions\/418"}],"wp:attachment":[{"href":"https:\/\/bechaprastudio.com\/index.php\/wp-json\/wp\/v2\/media?parent=103"}],"curies":[{"name":"wp","href":"https:\/\/api.w.org\/{rel}","templated":true}]}}